{"id":2382,"date":"2022-08-15T19:38:34","date_gmt":"2022-08-15T19:38:34","guid":{"rendered":"https:\/\/hoteldakota.ch\/nachhaltigkeit-copy\/"},"modified":"2025-11-19T08:16:23","modified_gmt":"2025-11-19T08:16:23","slug":"breakfast","status":"publish","type":"page","link":"https:\/\/hoteldakota.ch\/en\/breakfast\/","title":{"rendered":"the best quality from the region!"},"content":{"rendered":"<p>Our extensive breakfast menu at the Hotel Dakota is characterized by a careful selection of high-quality products, sourced from local small businesses whenever possible. We attach great importance to ensuring that these products are not only delicious, but also made with love and respect for nature. This reflects our commitment to offering you an authentic and sustainable taste experience that honors the local culture and environment.<\/p>\n<p>Enjoy a variety of fresh, regional delicacies every morning, carefully put together for you. Our breakfast is more than a meal \u2013 it is an expression of our connection to the region and our commitment to quality and sustainability. We invite you to enjoy these unique and carefully selected delicacies and start your day with a true feast for the senses.<\/p>\n<p><strong>food<\/strong><br \/>\nSelection of: Bread and croissants; different types of muesli; freshly prepared Bircher muesli; Yogurt (regular, lactose-free, plant-based); fresh fruit and fresh fruit salad; various spreads (butter, jam, honey, chocolate); vegan protein sources such as nuts and seeds; scrambled eggs and fried bacon strips; cold cuts of meat; Salmon slices with horseradish.<\/p>\n<p><strong>egg dishes<\/strong><\/p>\n<p>For an additional charge, your choices: fried eggs, plain omelettes, or 5-minute eggs.<\/p>\n<p><strong>beverages<\/strong><br \/>\nFresh pressed orange juice; other juices such as cranberry juice; Coffee selection: espresso, espresso macchiato, caf\u00e9 cr\u00e8me, ristretto, caf\u00e9 au lait, cappuccino, latte macchiato; Milk (normal, lactose-free) and plant-based milk alternatives; large selection of teas, chocolate milk drink.<\/p>\n<p>Please note that selection and seasonal availability may vary.<\/p>\n","protected":false},"excerpt":{"rendered":"<p>Our extensive breakfast menu at the Hotel Dakota is characterized by a careful selection of high-quality products, sourced from local small businesses whenever possible. We attach great importance to ensuring that these products are not only delicious, but also made with love and respect for nature. This reflects our commitment to offering you an authentic [&#8230;]<\/p>\n<p><a class=\"btn btn-secondary understrap-read-more-link\" href=\"https:\/\/hoteldakota.ch\/en\/breakfast\/\">Read More&#8230;<\/a><\/p>\n","protected":false},"author":2,"featured_media":2949,"parent":0,"menu_order":0,"comment_status":"closed","ping_status":"closed","template":"","meta":{"_acf_changed":false,"footnotes":""},"class_list":["post-2382","page","type-page","status-publish","has-post-thumbnail","hentry"],"acf":[],"_links":{"self":[{"href":"https:\/\/hoteldakota.ch\/en\/wp-json\/wp\/v2\/pages\/2382","targetHints":{"allow":["GET"]}}],"collection":[{"href":"https:\/\/hoteldakota.ch\/en\/wp-json\/wp\/v2\/pages"}],"about":[{"href":"https:\/\/hoteldakota.ch\/en\/wp-json\/wp\/v2\/types\/page"}],"author":[{"embeddable":true,"href":"https:\/\/hoteldakota.ch\/en\/wp-json\/wp\/v2\/users\/2"}],"replies":[{"embeddable":true,"href":"https:\/\/hoteldakota.ch\/en\/wp-json\/wp\/v2\/comments?post=2382"}],"version-history":[{"count":2,"href":"https:\/\/hoteldakota.ch\/en\/wp-json\/wp\/v2\/pages\/2382\/revisions"}],"predecessor-version":[{"id":3881,"href":"https:\/\/hoteldakota.ch\/en\/wp-json\/wp\/v2\/pages\/2382\/revisions\/3881"}],"wp:featuredmedia":[{"embeddable":true,"href":"https:\/\/hoteldakota.ch\/en\/wp-json\/wp\/v2\/media\/2949"}],"wp:attachment":[{"href":"https:\/\/hoteldakota.ch\/en\/wp-json\/wp\/v2\/media?parent=2382"}],"curies":[{"name":"wp","href":"https:\/\/api.w.org\/{rel}","templated":true}]}}